{"id":23,"date":"2018-04-09T13:33:09","date_gmt":"2018-04-09T13:33:09","guid":{"rendered":"http:\/\/test.wessling-inneneinrichtungen.de\/?page_id=23"},"modified":"2026-01-13T20:16:44","modified_gmt":"2026-01-13T19:16:44","slug":"startseite","status":"publish","type":"page","link":"https:\/\/www.wessling-inneneinrichtungen.de\/?page_id=23","title":{"rendered":"Willkommen"},"content":{"rendered":"<h4><a href=\"http:\/\/test.wessling-inneneinrichtungen.de\/wp-content\/uploads\/2018\/06\/Kontaktbild-1980.jpg\"><img loading=\"lazy\" decoding=\"async\" class=\"wp-image-753 alignnone\" src=\"http:\/\/test.wessling-inneneinrichtungen.de\/wp-content\/uploads\/2018\/06\/Kontaktbild-1980-300x225.jpg\" alt=\"\" width=\"759\" height=\"569\" srcset=\"https:\/\/www.wessling-inneneinrichtungen.de\/wp-content\/uploads\/2018\/06\/Kontaktbild-1980-300x225.jpg 300w, https:\/\/www.wessling-inneneinrichtungen.de\/wp-content\/uploads\/2018\/06\/Kontaktbild-1980-768x576.jpg 768w, https:\/\/www.wessling-inneneinrichtungen.de\/wp-content\/uploads\/2018\/06\/Kontaktbild-1980-1024x768.jpg 1024w, https:\/\/www.wessling-inneneinrichtungen.de\/wp-content\/uploads\/2018\/06\/Kontaktbild-1980.jpg 1980w\" sizes=\"auto, (max-width: 759px) 100vw, 759px\" \/><\/a><\/h4>\n<p style=\"font-weight: 400;\"><strong>Danke f\u00fcr eine wunderbare Zeit \u2013 und herzlich willkommen zum R\u00e4umungsverkauf wegen Gesch\u00e4ftsaufgabe!<\/strong><\/p>\n<p style=\"font-weight: 400;\">Seit \u00fcber 50 Jahren begleiten wir in Minden und der Region Menschen auf ihrem Weg zu klassisch elegantem Wohnen und stilvollem Einrichten. Unser gr\u00f6\u00dftes Ziel war es immer, unseren Kunden ein inspirierendes Einkaufserlebnis zu bieten und ihre pers\u00f6nlichen Wohntr\u00e4ume Wirklichkeit werden zu lassen.<\/p>\n<p>Mit gro\u00dfer Freude blicken wir auf all die Jahre zur\u00fcck, in denen wir gemeinsam mit Ihnen R\u00e4ume gestaltet, Ideen verwirklicht und sch\u00f6ne Wohnwelten geschaffen haben. Es war f\u00fcr uns eine erf\u00fcllende und bereichernde Zeit, die wir niemals vergessen werden.<\/p>\n<p>Nun hei\u00dft es f\u00fcr uns, Abschied zu nehmen und einen neuen Lebensabschnitt zu beginnen. Aktuell l\u00e4uft bereits unser <strong>gro\u00dfer Markenm\u00f6bel-R\u00e4umungsverkauf.<\/strong> Nutzen Sie die <strong>einmalige Gelegenheit,<\/strong> jetzt hochwertige Polsterm\u00f6bel, Esstische und St\u00fchle, Polsterbetten, Einzelm\u00f6bel sowie Leuchten <strong>zu besonders attraktiven Preisen<\/strong> zu entdecken. Ebenso bieten wir Ihnen eine gro\u00dfe Auswahl handgekn\u00fcpfter Teppiche, \u201emodern\u201c oder \u201eklassisch\u201c, in allen Ma\u00dfen und Farben an.<\/p>\n<p style=\"font-weight: 400;\">Wir danken Ihnen von Herzen f\u00fcr Ihre Treue, Ihre Wertsch\u00e4tzung und das Vertrauen, das Sie uns \u00fcber so viele Jahre entgegengebracht haben.<\/p>\n<p style=\"font-weight: 400;\"><strong>Nur f\u00fcr kurze Zeit, schnell sein lohnt sich!<\/strong><\/p>\n<p>Wir freuen uns auf Ihren Besuch.<br \/>\nWolfgang und Dirk We\u00dfling<\/p>\n<h4><\/h4>\n<p><span style=\"color: #ffffff;\">Es begr\u00fc\u00dfen Sie die beiden Inhaber<\/span><br \/>\n<span style=\"color: #ffffff;\">Wolfgang We\u00dfling und Dirk We\u00dfling und hei\u00dfen Sie<\/span><br \/>\n<span style=\"color: #ffffff;\">herzlich Willkommen<\/span><\/p>\n","protected":false},"excerpt":{"rendered":"<p>Danke f\u00fcr eine wunderbare Zeit \u2013 und herzlich willkommen zum R\u00e4umungsverkauf wegen Gesch\u00e4ftsaufgabe! Seit \u00fcber 50 Jahren begleiten wir in Minden und der Region Menschen auf ihrem Weg zu klassisch elegantem Wohnen und stilvollem Einrichten. Unser gr\u00f6\u00dftes Ziel war es immer, unseren Kunden ein inspirierendes Einkaufserlebnis zu bieten und ihre pers\u00f6nlichen Wohntr\u00e4ume Wirklichkeit werden zu [&hellip;]<\/p>\n","protected":false},"author":2,"featured_media":753,"parent":0,"menu_order":0,"comment_status":"closed","ping_status":"closed","template":"","meta":{"footnotes":""},"class_list":["post-23","page","type-page","status-publish","has-post-thumbnail","hentry"],"_links":{"self":[{"href":"https:\/\/www.wessling-inneneinrichtungen.de\/index.php?rest_route=\/wp\/v2\/pages\/23","targetHints":{"allow":["GET"]}}],"collection":[{"href":"https:\/\/www.wessling-inneneinrichtungen.de\/index.php?rest_route=\/wp\/v2\/pages"}],"about":[{"href":"https:\/\/www.wessling-inneneinrichtungen.de\/index.php?rest_route=\/wp\/v2\/types\/page"}],"author":[{"embeddable":true,"href":"https:\/\/www.wessling-inneneinrichtungen.de\/index.php?rest_route=\/wp\/v2\/users\/2"}],"replies":[{"embeddable":true,"href":"https:\/\/www.wessling-inneneinrichtungen.de\/index.php?rest_route=%2Fwp%2Fv2%2Fcomments&post=23"}],"version-history":[{"count":42,"href":"https:\/\/www.wessling-inneneinrichtungen.de\/index.php?rest_route=\/wp\/v2\/pages\/23\/revisions"}],"predecessor-version":[{"id":1346,"href":"https:\/\/www.wessling-inneneinrichtungen.de\/index.php?rest_route=\/wp\/v2\/pages\/23\/revisions\/1346"}],"wp:featuredmedia":[{"embeddable":true,"href":"https:\/\/www.wessling-inneneinrichtungen.de\/index.php?rest_route=\/wp\/v2\/media\/753"}],"wp:attachment":[{"href":"https:\/\/www.wessling-inneneinrichtungen.de\/index.php?rest_route=%2Fwp%2Fv2%2Fmedia&parent=23"}],"curies":[{"name":"wp","href":"https:\/\/api.w.org\/{rel}","templated":true}]}}