{"id":26,"date":"2018-04-09T13:39:10","date_gmt":"2018-04-09T13:39:10","guid":{"rendered":"http:\/\/test.wessling-inneneinrichtungen.de\/?page_id=26"},"modified":"2025-12-08T10:22:15","modified_gmt":"2025-12-08T09:22:15","slug":"leistungen","status":"publish","type":"page","link":"https:\/\/www.wessling-inneneinrichtungen.de\/?page_id=26","title":{"rendered":"Leistungen"},"content":{"rendered":"<p><a href=\"http:\/\/test.wessling-inneneinrichtungen.de\/wp-content\/uploads\/2018\/04\/Leistungen.jpg\"><img loading=\"lazy\" decoding=\"async\" class=\"alignleft wp-image-244 size-full\" src=\"http:\/\/test.wessling-inneneinrichtungen.de\/wp-content\/uploads\/2018\/04\/Leistungen.jpg\" alt=\"\" width=\"314\" height=\"444\" srcset=\"https:\/\/www.wessling-inneneinrichtungen.de\/wp-content\/uploads\/2018\/04\/Leistungen.jpg 314w, https:\/\/www.wessling-inneneinrichtungen.de\/wp-content\/uploads\/2018\/04\/Leistungen-212x300.jpg 212w\" sizes=\"auto, (max-width: 314px) 100vw, 314px\" \/><\/a><\/p>\n<h4><a href=\"http:\/\/test.wessling-inneneinrichtungen.de\/wp-content\/uploads\/2018\/04\/Leistungen.jpg\"><span style=\"color: #000000;\">Unser Einrichtungshaus besteht seit 50 Jahren und hat sich durch au\u00dfergew\u00f6hnliche Einrichtungen und edles Design einen Namen gemacht.<\/span><\/a><\/h4>\n<h4><\/h4>\n<h4><span style=\"color: #000000;\">Wir sind Partner namhafter Lieferanten f\u00fcr:<\/span><\/h4>\n<h4 style=\"padding-left: 360px;\"><span style=\"color: #000000;\">Einrichtungen<\/span><br \/>\n<span style=\"color: #000000;\"> Wandgestaltung<\/span><br \/>\n<span style=\"color: #000000;\"> Gardinendekoration<\/span><br \/>\n<span style=\"color: #000000;\"> Teppiche<\/span><br \/>\n<span style=\"color: #000000;\"> Bezugsstoffe<\/span><br \/>\n<span style=\"color: #000000;\"> exklusive Leuchten<\/span><\/h4>\n<h4><span style=\"color: #000000;\">Wir beraten Sie kompetent in unserer Ausstellung oder nat\u00fcrlich bei Ihnen zu Hause. Vieles kann nach Ihren W\u00fcnschen in Formen, Ma\u00dfen und Farben im In- und Ausland gefertigt werden.<\/span><\/h4>\n<h4><span style=\"color: #000000;\">\u00a0<\/span><\/h4>\n","protected":false},"excerpt":{"rendered":"<p>Unser Einrichtungshaus besteht seit 50 Jahren und hat sich durch au\u00dfergew\u00f6hnliche Einrichtungen und edles Design einen Namen gemacht. Wir sind Partner namhafter Lieferanten f\u00fcr: Einrichtungen Wandgestaltung Gardinendekoration Teppiche Bezugsstoffe exklusive Leuchten Wir beraten Sie kompetent in unserer Ausstellung oder nat\u00fcrlich bei Ihnen zu Hause. Vieles kann nach Ihren W\u00fcnschen in Formen, Ma\u00dfen und Farben im [&hellip;]<\/p>\n","protected":false},"author":2,"featured_media":0,"parent":0,"menu_order":0,"comment_status":"closed","ping_status":"closed","template":"","meta":{"footnotes":""},"class_list":["post-26","page","type-page","status-publish","hentry"],"_links":{"self":[{"href":"https:\/\/www.wessling-inneneinrichtungen.de\/index.php?rest_route=\/wp\/v2\/pages\/26","targetHints":{"allow":["GET"]}}],"collection":[{"href":"https:\/\/www.wessling-inneneinrichtungen.de\/index.php?rest_route=\/wp\/v2\/pages"}],"about":[{"href":"https:\/\/www.wessling-inneneinrichtungen.de\/index.php?rest_route=\/wp\/v2\/types\/page"}],"author":[{"embeddable":true,"href":"https:\/\/www.wessling-inneneinrichtungen.de\/index.php?rest_route=\/wp\/v2\/users\/2"}],"replies":[{"embeddable":true,"href":"https:\/\/www.wessling-inneneinrichtungen.de\/index.php?rest_route=%2Fwp%2Fv2%2Fcomments&post=26"}],"version-history":[{"count":23,"href":"https:\/\/www.wessling-inneneinrichtungen.de\/index.php?rest_route=\/wp\/v2\/pages\/26\/revisions"}],"predecessor-version":[{"id":1304,"href":"https:\/\/www.wessling-inneneinrichtungen.de\/index.php?rest_route=\/wp\/v2\/pages\/26\/revisions\/1304"}],"wp:attachment":[{"href":"https:\/\/www.wessling-inneneinrichtungen.de\/index.php?rest_route=%2Fwp%2Fv2%2Fmedia&parent=26"}],"curies":[{"name":"wp","href":"https:\/\/api.w.org\/{rel}","templated":true}]}}