{"id":68,"date":"2018-04-09T14:30:15","date_gmt":"2018-04-09T14:30:15","guid":{"rendered":"http:\/\/test.wessling-inneneinrichtungen.de\/?page_id=68"},"modified":"2026-01-09T11:43:20","modified_gmt":"2026-01-09T10:43:20","slug":"kontakt","status":"publish","type":"page","link":"https:\/\/www.wessling-inneneinrichtungen.de\/?page_id=68","title":{"rendered":"Kontakt"},"content":{"rendered":"<p><strong>Inneneinrichtungen Wolfgang We\u00dfling GmbH<\/strong><br \/>\nMarienstra\u00dfe 65<br \/>\n32427 Minden<\/p>\n<p>Telefon: 0571-27482<br \/>\nTelefax: 0571-21884<br \/>\nE-Mail: <a href=\"mailto:wolfgang-wessling@t-online.de\">wolfgang-wessling@t-online.de<\/a><\/p>\n<p>\u00d6ffnungszeiten:<br \/>\nMontags bis Freitags:\u00a0 \u00a0 \u00a0 \u00a0 \u00a0 09:00 bis 18:00 Uhr<br \/>\nSamstags: \u00a0 \u00a0 \u00a0 \u00a0 \u00a0 \u00a0 \u00a0 \u00a0 \u00a0 \u00a0 \u00a0 \u00a0 \u00a0 10:00 bis 15:00 Uhr<br \/>\noder nach Terminabsprache<\/p>\n<p><strong><span style=\"color: #000000;\">Der Weg zu uns:<\/span><\/strong><\/p>\n<div id=\"wpgmza_map\" class=\"wpgmza_map\" data-settings='{\"id\":\"1\",\"map_title\":\"Meine erste Karte\",\"map_width\":\"100\",\"map_height\":\"400\",\"map_start_lat\":\"52.291069\",\"map_start_lng\":\"8.918219\",\"map_start_location\":\"52.291069,8.918219000000022\",\"map_start_zoom\":\"13\",\"default_marker\":\"0\",\"type\":\"1\",\"alignment\":\"1\",\"directions_enabled\":\"1\",\"styling_enabled\":\"0\",\"styling_json\":\"\",\"active\":\"0\",\"kml\":\"\",\"bicycle\":\"0\",\"traffic\":\"0\",\"dbox\":\"1\",\"dbox_width\":\"100\",\"listmarkers\":\"0\",\"listmarkers_advanced\":\"0\",\"filterbycat\":\"0\",\"ugm_enabled\":\"0\",\"ugm_category_enabled\":\"0\",\"fusion\":\"\",\"map_width_type\":\"\\\\%\",\"map_height_type\":\"px\",\"mass_marker_support\":\"1\",\"ugm_access\":\"0\",\"order_markers_by\":\"1\",\"order_markers_choice\":\"2\",\"show_user_location\":\"0\",\"default_to\":\"\",\"other_settings\":{\"store_locator_enabled\":2,\"store_locator_distance\":2,\"store_locator_default_radius\":\"10\",\"store_locator_not_found_message\":\"Keine Ergebnisse in dieser Position gefunden. Bitte versuche es erneut.\",\"store_locator_bounce\":1,\"store_locator_query_string\":\"PLZ \\\/ Adresse:\",\"store_locator_default_address\":\"\",\"wpgmza_store_locator_restrict\":\"\",\"store_locator_style\":\"modern\",\"wpgmza_store_locator_radius_style\":\"modern\",\"map_max_zoom\":\"1\",\"transport_layer\":0,\"wpgmza_theme_data\":\"\",\"wpgmza_show_points_of_interest\":1}}' data-map-id='1' Data-maps-engine='google-maps' data-shortcode-attributes='{\"id\":\"1\"}' style=\"display:block; overflow:auto; width:100%; height:400px; float:left;\"><\/div>\n","protected":false},"excerpt":{"rendered":"<p>Inneneinrichtungen Wolfgang We\u00dfling GmbH Marienstra\u00dfe 65 32427 Minden Telefon: 0571-27482 Telefax: 0571-21884 E-Mail: wolfgang-wessling@t-online.de \u00d6ffnungszeiten: Montags bis Freitags:\u00a0 \u00a0 \u00a0 \u00a0 \u00a0 09:00 bis 18:00 Uhr Samstags: \u00a0 \u00a0 \u00a0 \u00a0 \u00a0 \u00a0 \u00a0 \u00a0 \u00a0 \u00a0 \u00a0 \u00a0 \u00a0 10:00 bis 15:00 Uhr oder nach Terminabsprache Der Weg zu uns:<\/p>\n","protected":false},"author":2,"featured_media":0,"parent":0,"menu_order":0,"comment_status":"closed","ping_status":"closed","template":"","meta":{"footnotes":""},"class_list":["post-68","page","type-page","status-publish","hentry"],"_links":{"self":[{"href":"https:\/\/www.wessling-inneneinrichtungen.de\/index.php?rest_route=\/wp\/v2\/pages\/68","targetHints":{"allow":["GET"]}}],"collection":[{"href":"https:\/\/www.wessling-inneneinrichtungen.de\/index.php?rest_route=\/wp\/v2\/pages"}],"about":[{"href":"https:\/\/www.wessling-inneneinrichtungen.de\/index.php?rest_route=\/wp\/v2\/types\/page"}],"author":[{"embeddable":true,"href":"https:\/\/www.wessling-inneneinrichtungen.de\/index.php?rest_route=\/wp\/v2\/users\/2"}],"replies":[{"embeddable":true,"href":"https:\/\/www.wessling-inneneinrichtungen.de\/index.php?rest_route=%2Fwp%2Fv2%2Fcomments&post=68"}],"version-history":[{"count":28,"href":"https:\/\/www.wessling-inneneinrichtungen.de\/index.php?rest_route=\/wp\/v2\/pages\/68\/revisions"}],"predecessor-version":[{"id":1334,"href":"https:\/\/www.wessling-inneneinrichtungen.de\/index.php?rest_route=\/wp\/v2\/pages\/68\/revisions\/1334"}],"wp:attachment":[{"href":"https:\/\/www.wessling-inneneinrichtungen.de\/index.php?rest_route=%2Fwp%2Fv2%2Fmedia&parent=68"}],"curies":[{"name":"wp","href":"https:\/\/api.w.org\/{rel}","templated":true}]}}