{"id":768,"date":"2020-12-01T12:15:29","date_gmt":"2020-12-01T11:15:29","guid":{"rendered":"http:\/\/test.wessling-inneneinrichtungen.de\/?page_id=768"},"modified":"2026-01-13T20:15:08","modified_gmt":"2026-01-13T19:15:08","slug":"aktuelles","status":"publish","type":"page","link":"https:\/\/www.wessling-inneneinrichtungen.de\/?page_id=768","title":{"rendered":"Aktuelles"},"content":{"rendered":"\n<p><\/p>\n\n\n\n<p class=\"has-text-align-left\"><strong>Wir schlie\u00dfen unser Einrichtungshaus!<\/strong><\/p>\n\n\n\n<p>Seit \u00fcber 50 Jahren sind wir in Minden und der Region Inbegriff f\u00fcr klassisches Wohnen und elegantes Einrichten. Jetzt ist f\u00fcr uns die Zeit gekommen, Abschied zu nehmen und einen neuen Lebensabschnitt zu beginnen.<\/p>\n\n\n\n<p>Deshalb schlie\u00dfen wir jetzt unser Einrichtungshaus in der Marienstr. 65 in Minden, dass wir mit viel Liebe und hohem pers\u00f6nlichen Engagement gef\u00fchrt haben.&nbsp;<\/p>\n\n\n\n<p>Aktuell l\u00e4uft bei uns im Haus der&nbsp;<strong>gro\u00dfe Markenm\u00f6bel-R\u00e4umungsverkauf<\/strong>&nbsp;mit vielen attraktiven Sonderangeboten!<\/p>\n\n\n\n<p>Wir freuen uns auf Ihren Besuch und hei\u00dfen Sie schon jetzt herzlich willkommen!<\/p>\n\n\n\n<p class=\"has-text-align-left\">Und selbstverst\u00e4ndlich steht Ihnen unser bew\u00e4hrter Service auch weiterhin uneingeschr\u00e4nkt zur Verf\u00fcgung.<\/p>\n\n\n\n<p><\/p>\n\n\n\n<p class=\"has-text-align-left\"><\/p>\n\n\n\n<p><\/p>\n","protected":false},"excerpt":{"rendered":"<p>Wir schlie\u00dfen unser Einrichtungshaus! Seit \u00fcber 50 Jahren sind wir in Minden und der Region Inbegriff f\u00fcr klassisches Wohnen und elegantes Einrichten. Jetzt ist f\u00fcr uns die Zeit gekommen, Abschied zu nehmen und einen neuen Lebensabschnitt zu beginnen. Deshalb schlie\u00dfen wir jetzt unser Einrichtungshaus in der Marienstr. 65 in Minden, dass wir mit viel Liebe [&hellip;]<\/p>\n","protected":false},"author":2,"featured_media":1220,"parent":0,"menu_order":0,"comment_status":"closed","ping_status":"closed","template":"","meta":{"footnotes":""},"class_list":["post-768","page","type-page","status-publish","has-post-thumbnail","hentry"],"_links":{"self":[{"href":"https:\/\/www.wessling-inneneinrichtungen.de\/index.php?rest_route=\/wp\/v2\/pages\/768","targetHints":{"allow":["GET"]}}],"collection":[{"href":"https:\/\/www.wessling-inneneinrichtungen.de\/index.php?rest_route=\/wp\/v2\/pages"}],"about":[{"href":"https:\/\/www.wessling-inneneinrichtungen.de\/index.php?rest_route=\/wp\/v2\/types\/page"}],"author":[{"embeddable":true,"href":"https:\/\/www.wessling-inneneinrichtungen.de\/index.php?rest_route=\/wp\/v2\/users\/2"}],"replies":[{"embeddable":true,"href":"https:\/\/www.wessling-inneneinrichtungen.de\/index.php?rest_route=%2Fwp%2Fv2%2Fcomments&post=768"}],"version-history":[{"count":102,"href":"https:\/\/www.wessling-inneneinrichtungen.de\/index.php?rest_route=\/wp\/v2\/pages\/768\/revisions"}],"predecessor-version":[{"id":1344,"href":"https:\/\/www.wessling-inneneinrichtungen.de\/index.php?rest_route=\/wp\/v2\/pages\/768\/revisions\/1344"}],"wp:featuredmedia":[{"embeddable":true,"href":"https:\/\/www.wessling-inneneinrichtungen.de\/index.php?rest_route=\/wp\/v2\/media\/1220"}],"wp:attachment":[{"href":"https:\/\/www.wessling-inneneinrichtungen.de\/index.php?rest_route=%2Fwp%2Fv2%2Fmedia&parent=768"}],"curies":[{"name":"wp","href":"https:\/\/api.w.org\/{rel}","templated":true}]}}